{"id":396,"date":"2025-06-27T13:15:50","date_gmt":"2025-06-27T11:15:50","guid":{"rendered":"https:\/\/dev.fomedia.io\/businesspartner\/?page_id=396"},"modified":"2026-02-10T18:06:08","modified_gmt":"2026-02-10T17:06:08","slug":"for-customers","status":"publish","type":"page","link":"https:\/\/eks-business-partner.de\/en\/fuer-kunden\/","title":{"rendered":"Your partner for customised personnel solutions"},"content":{"rendered":"<div data-elementor-type=\"wp-page\" data-elementor-id=\"396\" class=\"elementor elementor-396\" data-elementor-post-type=\"page\">\n\t\t\t\t<div class=\"elementor-element elementor-element-7f9b457c e-flex e-con-boxed e-con e-parent\" data-id=\"7f9b457c\" data-element_type=\"container\" data-e-type=\"container\">\n\t\t\t\t\t<div class=\"e-con-inner\">\n\t\t<div class=\"elementor-element elementor-element-3241bef7 e-con-full e-flex e-con e-child\" data-id=\"3241bef7\" data-element_type=\"container\" data-e-type=\"container\">\n\t\t\t\t<div class=\"elementor-element elementor-element-92b1757 elementor-view-default elementor-position-block-start elementor-mobile-position-block-start elementor-widget elementor-widget-icon-box\" data-id=\"92b1757\" data-element_type=\"widget\" data-e-type=\"widget\" data-widget_type=\"icon-box.default\">\n\t\t\t\t<div class=\"elementor-widget-container\">\n\t\t\t\t\t\t\t<div class=\"elementor-icon-box-wrapper\">\n\n\t\t\t\t\t\t<div class=\"elementor-icon-box-icon\">\n\t\t\t\t<span  class=\"elementor-icon\">\n\t\t\t\t<svg xmlns=\"http:\/\/www.w3.org\/2000\/svg\" height=\"48\" width=\"48\" viewbox=\"0 0 48 48\"><title>48 team<\/title><g fill=\"#1A70B8\" class=\"nc-icon-wrapper\"><circle data-color=\"color-2\" fill=\"#1A70B8\" cx=\"9\" cy=\"10\" r=\"5\"><\/circle><circle fill=\"#1A70B8\" cx=\"24\" cy=\"8\" r=\"7\"><\/circle><path data-color=\"color-2\" fill=\"#1A70B8\" d=\"M13.272,35.911C11.934,35.576,11,34.379,11,33V22c0-1.906,0.768-3.634,2.008-4.898 C12.682,17.035,12.345,17,12,17H6c-2.757,0-5,2.243-5,5v9c0,0.431,0.275,0.812,0.684,0.949l2.38,0.793l0.94,10.349 C5.051,43.605,5.483,44,6,44h6c0.517,0,0.949-0.395,0.996-0.91l0.644-7.088L13.272,35.911z\"><\/path><circle data-color=\"color-2\" fill=\"#1A70B8\" cx=\"39\" cy=\"10\" r=\"5\"><\/circle><path data-color=\"color-2\" fill=\"#1A70B8\" d=\"M34.728,35.911C36.066,35.576,37,34.379,37,33V22c0-1.906-0.768-3.634-2.008-4.898 C35.318,17.035,35.655,17,36,17h6c2.757,0,5,2.243,5,5v9c0,0.431-0.275,0.812-0.684,0.949l-2.38,0.793l-0.94,10.349 C42.949,43.605,42.517,44,42,44h-6c-0.517,0-0.949-0.395-0.996-0.91l-0.644-7.088L34.728,35.911z\"><\/path><path fill=\"#1A70B8\" d=\"M30,17H18c-2.757,0-5,2.243-5,5v11c0,0.459,0.312,0.859,0.757,0.97l3.306,0.826l0.94,11.287 C18.047,46.602,18.48,47,19,47h10c0.52,0,0.953-0.398,0.997-0.917l0.94-11.287l3.306-0.826C34.688,33.859,35,33.459,35,33V22 C35,19.243,32.757,17,30,17z\"><\/path><\/g><\/svg>\t\t\t\t<\/span>\n\t\t\t<\/div>\n\t\t\t\n\t\t\t\t\t\t<div class=\"elementor-icon-box-content\">\n\n\t\t\t\t\t\t\t\t\t<h3 class=\"elementor-icon-box-title\">\n\t\t\t\t\t\t<span  >\n\t\t\t\t\t\t\tRecruitment agency\t\t\t\t\t\t<\/span>\n\t\t\t\t\t<\/h3>\n\t\t\t\t\n\t\t\t\t\n\t\t\t<\/div>\n\t\t\t\n\t\t<\/div>\n\t\t\t\t\t\t<\/div>\n\t\t\t\t<\/div>\n\t\t\t\t<\/div>\n\t\t<div class=\"elementor-element elementor-element-6e1a8bb2 e-con-full e-flex e-con e-child\" data-id=\"6e1a8bb2\" data-element_type=\"container\" data-e-type=\"container\">\n\t\t\t\t<div class=\"elementor-element elementor-element-5845dbc elementor-view-default elementor-position-block-start elementor-mobile-position-block-start elementor-widget elementor-widget-icon-box\" data-id=\"5845dbc\" data-element_type=\"widget\" data-e-type=\"widget\" data-widget_type=\"icon-box.default\">\n\t\t\t\t<div class=\"elementor-widget-container\">\n\t\t\t\t\t\t\t<div class=\"elementor-icon-box-wrapper\">\n\n\t\t\t\t\t\t<div class=\"elementor-icon-box-icon\">\n\t\t\t\t<span  class=\"elementor-icon\">\n\t\t\t\t<svg xmlns=\"http:\/\/www.w3.org\/2000\/svg\" height=\"48\" width=\"48\" viewbox=\"0 0 48 48\"><title>48 exchange<\/title><g fill=\"#1A70B8\" class=\"nc-icon-wrapper\"><path data-color=\"color-2\" fill=\"#1A70B8\" d=\"M25.293,9.707l6,6C31.488,15.902,31.744,16,32,16s0.512-0.098,0.707-0.293 c0.391-0.391,0.391-1.023,0-1.414L28.414,10H34c3.86,0,7,3.14,7,7v1c0,0.552,0.448,1,1,1s1-0.448,1-1v-1c0-4.962-4.038-9-9-9h-5.586 l4.293-4.293c0.391-0.391,0.391-1.023,0-1.414s-1.023-0.391-1.414,0l-6,6c-0.092,0.092-0.165,0.203-0.216,0.325 c-0.101,0.245-0.101,0.52,0,0.764C25.128,9.505,25.201,9.615,25.293,9.707z\"><\/path><path data-color=\"color-2\" fill=\"#1A70B8\" d=\"M22.923,38.618c-0.051-0.122-0.124-0.233-0.216-0.325l-6-6c-0.391-0.391-1.023-0.391-1.414,0 s-0.391,1.023,0,1.414L19.586,38H14c-3.86,0-7-3.14-7-7v-1c0-0.552-0.448-1-1-1s-1,0.448-1,1v1c0,4.962,4.038,9,9,9h5.586 l-4.293,4.293c-0.391,0.391-0.391,1.023,0,1.414C15.488,45.902,15.744,46,16,46s0.512-0.098,0.707-0.293l6-6 c0.092-0.092,0.165-0.203,0.216-0.325C23.024,39.138,23.024,38.862,22.923,38.618z\"><\/path><path fill=\"#1A70B8\" d=\"M21,23v-1.228c0-2.236-1.443-4.165-3.592-4.8C13,15.67,8.849,15.697,4.583,16.961 C2.439,17.595,1,19.523,1,21.758V23c0,0.552,0.448,1,1,1h18C20.552,24,21,23.552,21,23z\"><\/path><path fill=\"#1A70B8\" d=\"M11,14c3.379,0,6-3.763,6-7c0-3.309-2.691-6-6-6S5,3.691,5,7C5,10.237,7.621,14,11,14z\"><\/path><path fill=\"#1A70B8\" d=\"M43.408,39.973C39,38.67,34.849,38.697,30.583,39.961C28.439,40.595,27,42.523,27,44.758V46 c0,0.552,0.448,1,1,1h18c0.552,0,1-0.448,1-1v-1.228C47,42.537,45.557,40.608,43.408,39.973z\"><\/path><path fill=\"#1A70B8\" d=\"M37,24c-3.309,0-6,2.691-6,6c0,3.237,2.621,7,6,7s6-3.763,6-7C43,26.691,40.309,24,37,24z\"><\/path><\/g><\/svg>\t\t\t\t<\/span>\n\t\t\t<\/div>\n\t\t\t\n\t\t\t\t\t\t<div class=\"elementor-icon-box-content\">\n\n\t\t\t\t\t\t\t\t\t<h3 class=\"elementor-icon-box-title\">\n\t\t\t\t\t\t<span  >\n\t\t\t\t\t\t\tTemporary employment\t\t\t\t\t\t<\/span>\n\t\t\t\t\t<\/h3>\n\t\t\t\t\n\t\t\t\t\n\t\t\t<\/div>\n\t\t\t\n\t\t<\/div>\n\t\t\t\t\t\t<\/div>\n\t\t\t\t<\/div>\n\t\t\t\t<\/div>\n\t\t<div class=\"elementor-element elementor-element-4045ef19 e-con-full e-flex e-con e-child\" data-id=\"4045ef19\" data-element_type=\"container\" data-e-type=\"container\">\n\t\t\t\t<div class=\"elementor-element elementor-element-e5487ac elementor-view-default elementor-position-block-start elementor-mobile-position-block-start elementor-widget elementor-widget-icon-box\" data-id=\"e5487ac\" data-element_type=\"widget\" data-e-type=\"widget\" data-widget_type=\"icon-box.default\">\n\t\t\t\t<div class=\"elementor-widget-container\">\n\t\t\t\t\t\t\t<div class=\"elementor-icon-box-wrapper\">\n\n\t\t\t\t\t\t<div class=\"elementor-icon-box-icon\">\n\t\t\t\t<span  class=\"elementor-icon\">\n\t\t\t\t<svg xmlns=\"http:\/\/www.w3.org\/2000\/svg\" height=\"48\" width=\"48\" viewbox=\"0 0 48 48\"><title>48 handshake<\/title><g fill=\"#1A70B8\" class=\"nc-icon-wrapper\"><path d=\"M44 12V30.063H47V12H44Z\" fill=\"#1A70B8\" data-color=\"color-2\"><\/path><path d=\"M40.9999 12H38.909L29.2974 9.00064C27.3052 8.37896 25.133 8.83714 23.5616 10.2105L15.597 17.3537C14.6975 18.1605 14.5753 19.5256 15.3171 20.4793C16.0016 21.3592 17.2184 21.6219 18.2049 21.1027L26 17.0001C27.5 20.5 30.9611 22.0048 34.8788 21.5184L35.4999 21.4412L40.9999 27.0201V12Z\" fill=\"#1A70B8\" data-color=\"color-2\"><\/path><path d=\"M40.2231 30.5052C40.246 31.2549 39.9704 32.0132 39.392 32.5854C38.3313 33.6347 36.6349 33.6703 35.5312 32.6664L31.5 29L33.8271 31.4383C34.822 32.4806 34.8178 34.1221 33.8176 35.1594C32.8235 36.1904 31.1955 36.2607 30.1161 35.3192L26.434 32.1072L28.0453 34.0297C28.9725 35.1361 28.8784 36.7731 27.8304 37.7659C26.7968 38.7452 25.1842 38.7658 24.1259 37.8133L21 35L21.8306 36.2917C22.5725 37.4454 22.2848 38.9777 21.1749 39.7837C20.1957 40.4947 18.8545 40.432 17.9461 39.6325L7 30V12H17.0732L13.594 15.1204C11.5216 16.979 11.24 20.124 12.9491 22.3212C14.526 24.3485 17.3293 24.9536 19.6021 23.7575L24.9479 20.9439C27.2895 23.6716 30.8053 24.8025 34.3786 24.577L40.2231 30.5052Z\" fill=\"#1A70B8\"><\/path><path d=\"M1 12H4V30H1V12Z\" fill=\"#1A70B8\"><\/path><\/g><\/svg>\t\t\t\t<\/span>\n\t\t\t<\/div>\n\t\t\t\n\t\t\t\t\t\t<div class=\"elementor-icon-box-content\">\n\n\t\t\t\t\t\t\t\t\t<h3 class=\"elementor-icon-box-title\">\n\t\t\t\t\t\t<span  >\n\t\t\t\t\t\t\tOrder-specific contracts for work and services\t\t\t\t\t\t<\/span>\n\t\t\t\t\t<\/h3>\n\t\t\t\t\n\t\t\t\t\n\t\t\t<\/div>\n\t\t\t\n\t\t<\/div>\n\t\t\t\t\t\t<\/div>\n\t\t\t\t<\/div>\n\t\t\t\t<\/div>\n\t\t\t\t\t<\/div>\n\t\t\t\t<\/div>\n\t\t<div class=\"elementor-element elementor-element-21d7c9e2 e-flex e-con-boxed e-con e-parent\" data-id=\"21d7c9e2\" data-element_type=\"container\" data-e-type=\"container\">\n\t\t\t\t\t<div class=\"e-con-inner\">\n\t\t<div class=\"elementor-element elementor-element-1e552272 e-con-full section-1 blue e-flex e-con e-child\" data-id=\"1e552272\" data-element_type=\"container\" data-e-type=\"container\">\n\t\t<div class=\"elementor-element elementor-element-58b26172 e-con-full e-flex e-con e-child\" data-id=\"58b26172\" data-element_type=\"container\" data-e-type=\"container\">\n\t\t\t\t<div class=\"elementor-element elementor-element-ffa324f elementor-widget elementor-widget-text-editor\" data-id=\"ffa324f\" data-element_type=\"widget\" data-e-type=\"widget\" data-widget_type=\"text-editor.default\">\n\t\t\t\t<div class=\"elementor-widget-container\">\n\t\t\t\t\t\t\t\t\t<h2>Listen. Understanding. Act.<\/h2><h2>We are professionals at this.<\/h2>\t\t\t\t\t\t\t\t<\/div>\n\t\t\t\t<\/div>\n\t\t\t\t<\/div>\n\t\t<div class=\"elementor-element elementor-element-4775aaec e-con-full e-flex e-con e-child\" data-id=\"4775aaec\" data-element_type=\"container\" data-e-type=\"container\">\n\t\t\t\t<div class=\"elementor-element elementor-element-0575f03 elementor-widget elementor-widget-text-editor\" data-id=\"0575f03\" data-element_type=\"widget\" data-e-type=\"widget\" data-widget_type=\"text-editor.default\">\n\t\t\t\t<div class=\"elementor-widget-container\">\n\t\t\t\t\t\t\t\t\t<h3>Flexible contract forms<\/h3><p>From temporary employment, contracts for work and labour, service contracts to direct placement and cooperation with freelancers.<\/p><h3>Fast and competent support<\/h3><p>With personnel who suit you and your team.<\/p><h3>Takeover of the recruiting processes<\/h3><p>For which you have neither time nor resources.<\/p><h3>Transfer or brokerage<\/h3><p>From competent and committed employees who think outside the box.<\/p>\t\t\t\t\t\t\t\t<\/div>\n\t\t\t\t<\/div>\n\t\t\t\t<div class=\"elementor-element elementor-element-8b20ab2 elementor-widget elementor-widget-button\" data-id=\"8b20ab2\" data-element_type=\"widget\" data-e-type=\"widget\" data-widget_type=\"button.default\">\n\t\t\t\t<div class=\"elementor-widget-container\">\n\t\t\t\t\t\t\t\t\t<div class=\"elementor-button-wrapper\">\n\t\t\t\t\t<a class=\"elementor-button elementor-button-link elementor-size-sm\" href=\"https:\/\/eks-business-partner.de\/en\/kontakt\/\">\n\t\t\t\t\t\t<span class=\"elementor-button-content-wrapper\">\n\t\t\t\t\t\t\t\t\t<span class=\"elementor-button-text\">Get in touch now<\/span>\n\t\t\t\t\t<\/span>\n\t\t\t\t\t<\/a>\n\t\t\t\t<\/div>\n\t\t\t\t\t\t\t\t<\/div>\n\t\t\t\t<\/div>\n\t\t\t\t<\/div>\n\t\t\t\t<\/div>\n\t\t\t\t\t<\/div>\n\t\t\t\t<\/div>\n\t\t<div class=\"elementor-element elementor-element-33e3021a e-flex e-con-boxed e-con e-parent\" data-id=\"33e3021a\" data-element_type=\"container\" data-e-type=\"container\">\n\t\t\t\t\t<div class=\"e-con-inner\">\n\t\t<div class=\"elementor-element elementor-element-63f04af e-con-full section-1 grey e-flex e-con e-child\" data-id=\"63f04af\" data-element_type=\"container\" data-e-type=\"container\">\n\t\t<div class=\"elementor-element elementor-element-7eb45621 e-con-full e-flex e-con e-child\" data-id=\"7eb45621\" data-element_type=\"container\" data-e-type=\"container\">\n\t\t\t\t<div class=\"elementor-element elementor-element-9c3093c elementor-widget elementor-widget-text-editor\" data-id=\"9c3093c\" data-element_type=\"widget\" data-e-type=\"widget\" data-widget_type=\"text-editor.default\">\n\t\t\t\t<div class=\"elementor-widget-container\">\n\t\t\t\t\t\t\t\t\t<h2>Take the pressure off your operational business.<\/h2><h2>Why we are the right people.<\/h2>\t\t\t\t\t\t\t\t<\/div>\n\t\t\t\t<\/div>\n\t\t\t\t<\/div>\n\t\t<div class=\"elementor-element elementor-element-2fc23fa5 e-con-full e-flex e-con e-child\" data-id=\"2fc23fa5\" data-element_type=\"container\" data-e-type=\"container\">\n\t\t\t\t<div class=\"elementor-element elementor-element-a64dcca elementor-widget elementor-widget-text-editor\" data-id=\"a64dcca\" data-element_type=\"widget\" data-e-type=\"widget\" data-widget_type=\"text-editor.default\">\n\t\t\t\t<div class=\"elementor-widget-container\">\n\t\t\t\t\t\t\t\t\t<h3>Because we know and love personnel processes.<\/h3><p>The latter makes all the difference.<\/p><h3>Because you save a lot of time.<\/h3><p>We specialise in recruiting and pre-filter applications for you.<\/p><h3>Because we value equality.<\/h3><p>This applies to our communication with customers, applicants and partners. In every industry and on every scale.<\/p><h3>Because we think outside the box.<\/h3><p>As a strategic partner, we also fulfil individual wishes.<\/p><h3>Because we are highly flexible.<\/h3><p>Without complicated processes. Instead, fast, direct and efficient communication and implementation.<\/p><h3>Because you are worth it to us.<\/h3><p>Caring, acting on our own initiative, thinking outside the box and having fun. That's why we work.<\/p>\t\t\t\t\t\t\t\t<\/div>\n\t\t\t\t<\/div>\n\t\t\t\t<div class=\"elementor-element elementor-element-6bcf5f5 elementor-widget elementor-widget-button\" data-id=\"6bcf5f5\" data-element_type=\"widget\" data-e-type=\"widget\" data-widget_type=\"button.default\">\n\t\t\t\t<div class=\"elementor-widget-container\">\n\t\t\t\t\t\t\t\t\t<div class=\"elementor-button-wrapper\">\n\t\t\t\t\t<a class=\"elementor-button elementor-button-link elementor-size-sm\" href=\"https:\/\/eks-business-partner.de\/en\/kontakt\/\">\n\t\t\t\t\t\t<span class=\"elementor-button-content-wrapper\">\n\t\t\t\t\t\t\t\t\t<span class=\"elementor-button-text\">Get in touch now<\/span>\n\t\t\t\t\t<\/span>\n\t\t\t\t\t<\/a>\n\t\t\t\t<\/div>\n\t\t\t\t\t\t\t\t<\/div>\n\t\t\t\t<\/div>\n\t\t\t\t<\/div>\n\t\t\t\t<\/div>\n\t\t\t\t\t<\/div>\n\t\t\t\t<\/div>\n\t\t\t\t<\/div>","protected":false},"excerpt":{"rendered":"<p>48 team Personal\u00advermittlung 48 exchange Arbeitnehmer&shy;\u00fcberlassung 48 handshake Auftragsspezifische Werk- und Dienstvertr\u00e4ge Zuh\u00f6ren. Verstehen. Handeln. Darin sind wir Profis. Flexible Vertragsformen Von Arbeitnehmer\u00fcberlassung, Werkvertrag, Dienstvertrag bis hin zur Direktvermittlung und Zusammenarbeit mit Freelancern. Schnelle und kompetente Unterst\u00fctzung Durch Personal, welches zu Ihnen und Ihrem Team passt. \u00dcbernahme der Recruitingprozesse F\u00fcr die Sie weder Zeit noch [&hellip;]<\/p>\n","protected":false},"author":1,"featured_media":0,"parent":0,"menu_order":0,"comment_status":"closed","ping_status":"closed","template":"","meta":{"footnotes":""},"class_list":["post-396","page","type-page","status-publish","hentry"],"aioseo_notices":[],"_links":{"self":[{"href":"https:\/\/eks-business-partner.de\/en\/wp-json\/wp\/v2\/pages\/396","targetHints":{"allow":["GET"]}}],"collection":[{"href":"https:\/\/eks-business-partner.de\/en\/wp-json\/wp\/v2\/pages"}],"about":[{"href":"https:\/\/eks-business-partner.de\/en\/wp-json\/wp\/v2\/types\/page"}],"author":[{"embeddable":true,"href":"https:\/\/eks-business-partner.de\/en\/wp-json\/wp\/v2\/users\/1"}],"replies":[{"embeddable":true,"href":"https:\/\/eks-business-partner.de\/en\/wp-json\/wp\/v2\/comments?post=396"}],"version-history":[{"count":26,"href":"https:\/\/eks-business-partner.de\/en\/wp-json\/wp\/v2\/pages\/396\/revisions"}],"predecessor-version":[{"id":528,"href":"https:\/\/eks-business-partner.de\/en\/wp-json\/wp\/v2\/pages\/396\/revisions\/528"}],"wp:attachment":[{"href":"https:\/\/eks-business-partner.de\/en\/wp-json\/wp\/v2\/media?parent=396"}],"curies":[{"name":"wp","href":"https:\/\/api.w.org\/{rel}","templated":true}]}}