{"id":421,"date":"2025-06-27T13:51:36","date_gmt":"2025-06-27T11:51:36","guid":{"rendered":"https:\/\/dev.fomedia.io\/businesspartner\/?page_id=421"},"modified":"2026-02-10T18:07:50","modified_gmt":"2026-02-10T17:07:50","slug":"for-applicants","status":"publish","type":"page","link":"https:\/\/eks-business-partner.de\/en\/fuer-bewerber\/","title":{"rendered":"Take many paths and still feel safe and at home"},"content":{"rendered":"<div data-elementor-type=\"wp-page\" data-elementor-id=\"421\" class=\"elementor elementor-421\" data-elementor-post-type=\"page\">\n\t\t\t\t<div class=\"elementor-element elementor-element-61d20a38 e-flex e-con-boxed e-con e-parent\" data-id=\"61d20a38\" data-element_type=\"container\" data-e-type=\"container\">\n\t\t\t\t\t<div class=\"e-con-inner\">\n\t\t<div class=\"elementor-element elementor-element-1795534f e-con-full e-flex e-con e-child\" data-id=\"1795534f\" data-element_type=\"container\" data-e-type=\"container\">\n\t\t\t\t<div class=\"elementor-element elementor-element-3aae35f elementor-view-default elementor-position-block-start elementor-mobile-position-block-start elementor-widget elementor-widget-icon-box\" data-id=\"3aae35f\" data-element_type=\"widget\" data-e-type=\"widget\" data-widget_type=\"icon-box.default\">\n\t\t\t\t<div class=\"elementor-widget-container\">\n\t\t\t\t\t\t\t<div class=\"elementor-icon-box-wrapper\">\n\n\t\t\t\t\t\t<div class=\"elementor-icon-box-icon\">\n\t\t\t\t<span  class=\"elementor-icon\">\n\t\t\t\t<svg xmlns=\"http:\/\/www.w3.org\/2000\/svg\" height=\"48\" width=\"48\" viewbox=\"0 0 48 48\"><title>48 exchange<\/title><g fill=\"#1A70B8\" class=\"nc-icon-wrapper\"><path data-color=\"color-2\" fill=\"#1A70B8\" d=\"M25.293,9.707l6,6C31.488,15.902,31.744,16,32,16s0.512-0.098,0.707-0.293 c0.391-0.391,0.391-1.023,0-1.414L28.414,10H34c3.86,0,7,3.14,7,7v1c0,0.552,0.448,1,1,1s1-0.448,1-1v-1c0-4.962-4.038-9-9-9h-5.586 l4.293-4.293c0.391-0.391,0.391-1.023,0-1.414s-1.023-0.391-1.414,0l-6,6c-0.092,0.092-0.165,0.203-0.216,0.325 c-0.101,0.245-0.101,0.52,0,0.764C25.128,9.505,25.201,9.615,25.293,9.707z\"><\/path><path data-color=\"color-2\" fill=\"#1A70B8\" d=\"M22.923,38.618c-0.051-0.122-0.124-0.233-0.216-0.325l-6-6c-0.391-0.391-1.023-0.391-1.414,0 s-0.391,1.023,0,1.414L19.586,38H14c-3.86,0-7-3.14-7-7v-1c0-0.552-0.448-1-1-1s-1,0.448-1,1v1c0,4.962,4.038,9,9,9h5.586 l-4.293,4.293c-0.391,0.391-0.391,1.023,0,1.414C15.488,45.902,15.744,46,16,46s0.512-0.098,0.707-0.293l6-6 c0.092-0.092,0.165-0.203,0.216-0.325C23.024,39.138,23.024,38.862,22.923,38.618z\"><\/path><path fill=\"#1A70B8\" d=\"M21,23v-1.228c0-2.236-1.443-4.165-3.592-4.8C13,15.67,8.849,15.697,4.583,16.961 C2.439,17.595,1,19.523,1,21.758V23c0,0.552,0.448,1,1,1h18C20.552,24,21,23.552,21,23z\"><\/path><path fill=\"#1A70B8\" d=\"M11,14c3.379,0,6-3.763,6-7c0-3.309-2.691-6-6-6S5,3.691,5,7C5,10.237,7.621,14,11,14z\"><\/path><path fill=\"#1A70B8\" d=\"M43.408,39.973C39,38.67,34.849,38.697,30.583,39.961C28.439,40.595,27,42.523,27,44.758V46 c0,0.552,0.448,1,1,1h18c0.552,0,1-0.448,1-1v-1.228C47,42.537,45.557,40.608,43.408,39.973z\"><\/path><path fill=\"#1A70B8\" d=\"M37,24c-3.309,0-6,2.691-6,6c0,3.237,2.621,7,6,7s6-3.763,6-7C43,26.691,40.309,24,37,24z\"><\/path><\/g><\/svg>\t\t\t\t<\/span>\n\t\t\t<\/div>\n\t\t\t\n\t\t\t\t\t\t<div class=\"elementor-icon-box-content\">\n\n\t\t\t\t\t\t\t\t\t<h3 class=\"elementor-icon-box-title\">\n\t\t\t\t\t\t<span  >\n\t\t\t\t\t\t\tDirect placement in well-known medium-sized companies or corporate groups\t\t\t\t\t\t<\/span>\n\t\t\t\t\t<\/h3>\n\t\t\t\t\n\t\t\t\t\n\t\t\t<\/div>\n\t\t\t\n\t\t<\/div>\n\t\t\t\t\t\t<\/div>\n\t\t\t\t<\/div>\n\t\t\t\t<\/div>\n\t\t<div class=\"elementor-element elementor-element-7e0acaa9 e-con-full e-flex e-con e-child\" data-id=\"7e0acaa9\" data-element_type=\"container\" data-e-type=\"container\">\n\t\t\t\t<div class=\"elementor-element elementor-element-fee48c5 elementor-view-default elementor-position-block-start elementor-mobile-position-block-start elementor-widget elementor-widget-icon-box\" data-id=\"fee48c5\" data-element_type=\"widget\" data-e-type=\"widget\" data-widget_type=\"icon-box.default\">\n\t\t\t\t<div class=\"elementor-widget-container\">\n\t\t\t\t\t\t\t<div class=\"elementor-icon-box-wrapper\">\n\n\t\t\t\t\t\t<div class=\"elementor-icon-box-icon\">\n\t\t\t\t<span  class=\"elementor-icon\">\n\t\t\t\t<svg xmlns=\"http:\/\/www.w3.org\/2000\/svg\" height=\"48\" width=\"48\" viewbox=\"0 0 48 48\"><title>48 g chart<\/title><g fill=\"#1A70B8\" class=\"nc-icon-wrapper\"><rect x=\"3\" y=\"31\" width=\"10\" height=\"14\" rx=\"1\" fill=\"#1A70B8\"><\/rect><rect data-color=\"color-2\" x=\"19\" y=\"17\" width=\"10\" height=\"28\" rx=\"1\" fill=\"#1A70B8\"><\/rect><rect x=\"35\" y=\"3\" width=\"10\" height=\"42\" rx=\"1\" fill=\"#1A70B8\"><\/rect><\/g><\/svg>\t\t\t\t<\/span>\n\t\t\t<\/div>\n\t\t\t\n\t\t\t\t\t\t<div class=\"elementor-icon-box-content\">\n\n\t\t\t\t\t\t\t\t\t<h3 class=\"elementor-icon-box-title\">\n\t\t\t\t\t\t<span  >\n\t\t\t\t\t\t\tGood career opportunities thanks to our large network\t\t\t\t\t\t<\/span>\n\t\t\t\t\t<\/h3>\n\t\t\t\t\n\t\t\t\t\n\t\t\t<\/div>\n\t\t\t\n\t\t<\/div>\n\t\t\t\t\t\t<\/div>\n\t\t\t\t<\/div>\n\t\t\t\t<\/div>\n\t\t<div class=\"elementor-element elementor-element-b2caad9 e-con-full e-flex e-con e-child\" data-id=\"b2caad9\" data-element_type=\"container\" data-e-type=\"container\">\n\t\t\t\t<div class=\"elementor-element elementor-element-86d0565 elementor-view-default elementor-position-block-start elementor-mobile-position-block-start elementor-widget elementor-widget-icon-box\" data-id=\"86d0565\" data-element_type=\"widget\" data-e-type=\"widget\" data-widget_type=\"icon-box.default\">\n\t\t\t\t<div class=\"elementor-widget-container\">\n\t\t\t\t\t\t\t<div class=\"elementor-icon-box-wrapper\">\n\n\t\t\t\t\t\t<div class=\"elementor-icon-box-icon\">\n\t\t\t\t<span  class=\"elementor-icon\">\n\t\t\t\t<svg xmlns=\"http:\/\/www.w3.org\/2000\/svg\" height=\"48\" width=\"48\" viewbox=\"0 0 48 48\"><title>48 nodes<\/title><g fill=\"#1A70B8\" class=\"nc-icon-wrapper\"><path d=\"M13,15a5,5,0,1,0-6,4.9V26.08A7.026,7.026,0,0,1,8,26a7.026,7.026,0,0,1,1,.08V19.9a4.987,4.987,0,0,0,2.758-1.637l5.721,3.218a6.984,6.984,0,0,1,.984-1.743l-5.724-3.219A4.929,4.929,0,0,0,13,15Z\" fill=\"#1A70B8\"><\/path><path d=\"M41,28.1V21.92a6.29,6.29,0,0,1-2,0V28.1a4.981,4.981,0,0,0-2.758,1.637l-5.72-3.217a7,7,0,0,1-.984,1.742l5.723,3.219A4.929,4.929,0,0,0,35,33a5,5,0,1,0,6-4.9Z\" fill=\"#1A70B8\"><\/path><path d=\"M33.733,36.857a7.058,7.058,0,0,1-.431-.906L27.99,39.018A4.992,4.992,0,0,0,25,37.1V30.919a6.29,6.29,0,0,1-2,0V37.1A5,5,0,1,0,29,42a4.944,4.944,0,0,0-.152-1.168L34.3,37.683A7.016,7.016,0,0,1,33.733,36.857Z\" fill=\"#1A70B8\"><\/path><path d=\"M14.268,11.143a7.058,7.058,0,0,1,.431.906l5.313-3.067A4.989,4.989,0,0,0,23,10.9v6.182a6.29,6.29,0,0,1,2,0V10.9A5,5,0,1,0,19,6a4.944,4.944,0,0,0,.152,1.168L13.7,10.317A6.9,6.9,0,0,1,14.268,11.143Z\" fill=\"#1A70B8\"><\/path><circle cx=\"24.001\" cy=\"24\" r=\"5\" fill=\"#1A70B8\" data-color=\"color-2\"><\/circle><path d=\"M30.523,21.479l5.72-3.217a4.99,4.99,0,1,0,.168-6.728L30.7,8.237a7.058,7.058,0,0,1-.431.906,7.016,7.016,0,0,1-.569.826l5.641,3.257a4.678,4.678,0,0,0-.079,3.292l-5.723,3.219A7,7,0,0,1,30.523,21.479Z\" fill=\"#1A70B8\"><\/path><path d=\"M17.479,26.52l-5.721,3.218a4.99,4.99,0,1,0-.168,6.728l5.712,3.3a6.92,6.92,0,0,1,.43-.906,7.023,7.023,0,0,1,.57-.826L12.66,34.773a4.676,4.676,0,0,0,.079-3.291l5.724-3.219A6.984,6.984,0,0,1,17.479,26.52Z\" fill=\"#1A70B8\"><\/path><\/g><\/svg>\t\t\t\t<\/span>\n\t\t\t<\/div>\n\t\t\t\n\t\t\t\t\t\t<div class=\"elementor-icon-box-content\">\n\n\t\t\t\t\t\t\t\t\t<h3 class=\"elementor-icon-box-title\">\n\t\t\t\t\t\t<span  >\n\t\t\t\t\t\t\tVersatile fields of application not only in mechanical and electrical engineering\t\t\t\t\t\t<\/span>\n\t\t\t\t\t<\/h3>\n\t\t\t\t\n\t\t\t\t\n\t\t\t<\/div>\n\t\t\t\n\t\t<\/div>\n\t\t\t\t\t\t<\/div>\n\t\t\t\t<\/div>\n\t\t\t\t<\/div>\n\t\t\t\t\t<\/div>\n\t\t\t\t<\/div>\n\t\t<div class=\"elementor-element elementor-element-1b166ac e-flex e-con-boxed e-con e-parent\" data-id=\"1b166ac\" data-element_type=\"container\" data-e-type=\"container\">\n\t\t\t\t\t<div class=\"e-con-inner\">\n\t\t<div class=\"elementor-element elementor-element-40131f2 e-con-full section-1 blue e-flex e-con e-child\" data-id=\"40131f2\" data-element_type=\"container\" data-e-type=\"container\">\n\t\t<div class=\"elementor-element elementor-element-f5b59f5 e-con-full e-flex e-con e-child\" data-id=\"f5b59f5\" data-element_type=\"container\" data-e-type=\"container\">\n\t\t\t\t<div class=\"elementor-element elementor-element-9c955a5 elementor-widget elementor-widget-text-editor\" data-id=\"9c955a5\" data-element_type=\"widget\" data-e-type=\"widget\" data-widget_type=\"text-editor.default\">\n\t\t\t\t<div class=\"elementor-widget-container\">\n\t\t\t\t\t\t\t\t\t<h2>Listen. Understanding. Act.<\/h2><h2>We are professionals at this.<\/h2>\t\t\t\t\t\t\t\t<\/div>\n\t\t\t\t<\/div>\n\t\t\t\t<\/div>\n\t\t<div class=\"elementor-element elementor-element-e99ff30 e-con-full e-flex e-con e-child\" data-id=\"e99ff30\" data-element_type=\"container\" data-e-type=\"container\">\n\t\t\t\t<div class=\"elementor-element elementor-element-0dc654f elementor-widget elementor-widget-text-editor\" data-id=\"0dc654f\" data-element_type=\"widget\" data-e-type=\"widget\" data-widget_type=\"text-editor.default\">\n\t\t\t\t<div class=\"elementor-widget-container\">\n\t\t\t\t\t\t\t\t\t<h3>Customised further training opportunities and versatile areas of application<\/h3><p>We will find the right job for your qualifications or prepare you for it through appropriate further training programmes.<\/p><h3>\"Extended arm\" in the application process<\/h3><p>Sometimes it's helpful not to sit alone in a job interview, don't you think?<\/p><h3>See us as your marketing partner<\/h3><p>We know how to present your \"best side\" professionally and individually - including applicant coaching.<\/p>\t\t\t\t\t\t\t\t<\/div>\n\t\t\t\t<\/div>\n\t\t\t\t<div class=\"elementor-element elementor-element-7925ed3 elementor-widget elementor-widget-button\" data-id=\"7925ed3\" data-element_type=\"widget\" data-e-type=\"widget\" data-widget_type=\"button.default\">\n\t\t\t\t<div class=\"elementor-widget-container\">\n\t\t\t\t\t\t\t\t\t<div class=\"elementor-button-wrapper\">\n\t\t\t\t\t<a class=\"elementor-button elementor-button-link elementor-size-sm\" href=\"https:\/\/eks-business-partner.de\/en\/kontakt\/\">\n\t\t\t\t\t\t<span class=\"elementor-button-content-wrapper\">\n\t\t\t\t\t\t\t\t\t<span class=\"elementor-button-text\">Get in touch now<\/span>\n\t\t\t\t\t<\/span>\n\t\t\t\t\t<\/a>\n\t\t\t\t<\/div>\n\t\t\t\t\t\t\t\t<\/div>\n\t\t\t\t<\/div>\n\t\t\t\t<\/div>\n\t\t\t\t<\/div>\n\t\t\t\t\t<\/div>\n\t\t\t\t<\/div>\n\t\t<div class=\"elementor-element elementor-element-d97388e e-flex e-con-boxed e-con e-parent\" data-id=\"d97388e\" data-element_type=\"container\" data-e-type=\"container\">\n\t\t\t\t\t<div class=\"e-con-inner\">\n\t\t<div class=\"elementor-element elementor-element-1a658fd e-con-full section-1 grey e-flex e-con e-child\" data-id=\"1a658fd\" data-element_type=\"container\" data-e-type=\"container\">\n\t\t<div class=\"elementor-element elementor-element-08b2c39 e-con-full e-flex e-con e-child\" data-id=\"08b2c39\" data-element_type=\"container\" data-e-type=\"container\">\n\t\t\t\t<div class=\"elementor-element elementor-element-6efdfe8 elementor-widget elementor-widget-text-editor\" data-id=\"6efdfe8\" data-element_type=\"widget\" data-e-type=\"widget\" data-widget_type=\"text-editor.default\">\n\t\t\t\t<div class=\"elementor-widget-container\">\n\t\t\t\t\t\t\t\t\t<h2>Recognising potential - exploiting opportunities.<\/h2><h2>Why are we the right ones?<\/h2>\t\t\t\t\t\t\t\t<\/div>\n\t\t\t\t<\/div>\n\t\t\t\t<\/div>\n\t\t<div class=\"elementor-element elementor-element-6cb4341 e-con-full e-flex e-con e-child\" data-id=\"6cb4341\" data-element_type=\"container\" data-e-type=\"container\">\n\t\t\t\t<div class=\"elementor-element elementor-element-e4a0e1c elementor-widget elementor-widget-text-editor\" data-id=\"e4a0e1c\" data-element_type=\"widget\" data-e-type=\"widget\" data-widget_type=\"text-editor.default\">\n\t\t\t\t<div class=\"elementor-widget-container\">\n\t\t\t\t\t\t\t\t\t<h3>We have top contacts.<\/h3><p>Our network gives us access to positions and fields of work that offer a certain exclusivity.<\/p><h3>We offer opportunities - also for career changers.<\/h3><p>Gain new experiences, try out different fields of work and still feel secure in terms of job and income.<\/p><h3>We like to look behind the facades.<\/h3><p>This is where things usually get really exciting. This is exactly where we come in for our applicants and employees and often offer opportunities that traditional recruitment agencies do not normally offer.<\/p><h3>We love feelings of happiness.<\/h3><p>And even better: we know how to create them.<\/p><h3>We are not one of the biggest top players among German engineering service providers.<\/h3><p>We inspire with spirit and that certain something.<\/p>\t\t\t\t\t\t\t\t<\/div>\n\t\t\t\t<\/div>\n\t\t\t\t<div class=\"elementor-element elementor-element-2686e75 elementor-widget elementor-widget-button\" data-id=\"2686e75\" data-element_type=\"widget\" data-e-type=\"widget\" data-widget_type=\"button.default\">\n\t\t\t\t<div class=\"elementor-widget-container\">\n\t\t\t\t\t\t\t\t\t<div class=\"elementor-button-wrapper\">\n\t\t\t\t\t<a class=\"elementor-button elementor-button-link elementor-size-sm\" href=\"https:\/\/eks-business-partner.de\/en\/kontakt\/\">\n\t\t\t\t\t\t<span class=\"elementor-button-content-wrapper\">\n\t\t\t\t\t\t\t\t\t<span class=\"elementor-button-text\">Get in touch now<\/span>\n\t\t\t\t\t<\/span>\n\t\t\t\t\t<\/a>\n\t\t\t\t<\/div>\n\t\t\t\t\t\t\t\t<\/div>\n\t\t\t\t<\/div>\n\t\t\t\t<\/div>\n\t\t\t\t<\/div>\n\t\t\t\t\t<\/div>\n\t\t\t\t<\/div>\n\t\t\t\t<\/div>","protected":false},"excerpt":{"rendered":"<p>48 exchange Direktvermittlung in namhafte Firmen des Mittelstands oder in Konzerne 48 g chart Gute Karriere-Chancen durch unser gro\u00dfes Netzwerk 48 nodes Vielseitige Einsatzfelder nicht nur in Maschinenbau &#038; Elektrotechnik Zuh\u00f6ren. Verstehen. Handeln. Darin sind wir Profis. Passgenaue Weiterbildungsm\u00f6glichkeiten und vielseitige Einsatzgebiete Wir finden f\u00fcr Ihre Qualifikation die passende Aufgabe oder bereiten Sie durch entsprechende [&hellip;]<\/p>\n","protected":false},"author":1,"featured_media":0,"parent":0,"menu_order":0,"comment_status":"closed","ping_status":"closed","template":"","meta":{"footnotes":""},"class_list":["post-421","page","type-page","status-publish","hentry"],"aioseo_notices":[],"_links":{"self":[{"href":"https:\/\/eks-business-partner.de\/en\/wp-json\/wp\/v2\/pages\/421","targetHints":{"allow":["GET"]}}],"collection":[{"href":"https:\/\/eks-business-partner.de\/en\/wp-json\/wp\/v2\/pages"}],"about":[{"href":"https:\/\/eks-business-partner.de\/en\/wp-json\/wp\/v2\/types\/page"}],"author":[{"embeddable":true,"href":"https:\/\/eks-business-partner.de\/en\/wp-json\/wp\/v2\/users\/1"}],"replies":[{"embeddable":true,"href":"https:\/\/eks-business-partner.de\/en\/wp-json\/wp\/v2\/comments?post=421"}],"version-history":[{"count":17,"href":"https:\/\/eks-business-partner.de\/en\/wp-json\/wp\/v2\/pages\/421\/revisions"}],"predecessor-version":[{"id":714,"href":"https:\/\/eks-business-partner.de\/en\/wp-json\/wp\/v2\/pages\/421\/revisions\/714"}],"wp:attachment":[{"href":"https:\/\/eks-business-partner.de\/en\/wp-json\/wp\/v2\/media?parent=421"}],"curies":[{"name":"wp","href":"https:\/\/api.w.org\/{rel}","templated":true}]}}